{"id":29148,"date":"2018-11-22T09:24:10","date_gmt":"2018-11-22T09:24:10","guid":{"rendered":"https:\/\/family-space.com\/w2019\/?page_id=29148"},"modified":"2019-06-26T18:29:47","modified_gmt":"2019-06-26T18:29:47","slug":"qui-sommes-nous","status":"publish","type":"page","link":"https:\/\/family-space.com\/fr\/qui-sommes-nous\/","title":{"rendered":"Qui sommes-nous ?"},"content":{"rendered":"<p>[et_pb_section bb_built=\u00a0\u00bb1&Prime; admin_label=\u00a0\u00bbHero\u00a0\u00bb custom_padding_last_edited=\u00a0\u00bboff|desktop\u00a0\u00bb _builder_version=\u00a0\u00bb3.17.3&Prime; background_color_gradient_start=\u00a0\u00bb#8834fd\u00a0\u00bb background_color_gradient_end=\u00a0\u00bb#c756ec\u00a0\u00bb background_color_gradient_direction=\u00a0\u00bb60deg\u00a0\u00bb custom_padding=\u00a0\u00bb200px|0px|100px|0px\u00a0\u00bb box_shadow_style=\u00a0\u00bbpreset7&Prime; box_shadow_horizontal=\u00a0\u00bb0px\u00a0\u00bb box_shadow_vertical=\u00a0\u00bb-80px\u00a0\u00bb box_shadow_color=\u00a0\u00bb#ffffff\u00a0\u00bb next_background_color=\u00a0\u00bb#ffffff\u00a0\u00bb collapsed=\u00a0\u00bboff\u00a0\u00bb background_image=\u00a0\u00bbhttps:\/\/family-space.com\/w2019\/wp-content\/uploads\/2018\/11\/Fotolia_166638428_Subscription_Monthly_M.jpg\u00a0\u00bb module_class=\u00a0\u00bbtop-service-single\u00a0\u00bb][et_pb_row custom_padding=\u00a0\u00bb|||\u00a0\u00bb padding_bottom_1=\u00a0\u00bb60px\u00a0\u00bb _builder_version=\u00a0\u00bb3.0.98&Prime; collapsed=\u00a0\u00bboff\u00a0\u00bb][et_pb_column type=\u00a0\u00bb1_2&Prime;][et_pb_text background_layout=\u00a0\u00bbdark\u00a0\u00bb _builder_version=\u00a0\u00bb3.17.3&Prime; header_font=\u00a0\u00bb|600||on|||||\u00a0\u00bb header_font_size=\u00a0\u00bb28px\u00a0\u00bb max_width=\u00a0\u00bb550px\u00a0\u00bb module_alignment=\u00a0\u00bbcenter\u00a0\u00bb custom_margin=\u00a0\u00bb|||\u00a0\u00bb custom_padding=\u00a0\u00bb|||\u00a0\u00bb]<\/p>\n<h1>Qui sommes-nous<\/h1>\n<p>[\/et_pb_text][\/et_pb_column][et_pb_column type=\u00a0\u00bb1_2&Prime;][et_pb_button _builder_version=\u00a0\u00bb3.10.2&Prime; button_text=\u00a0\u00bbGet Started\u00a0\u00bb background_layout=\u00a0\u00bbdark\u00a0\u00bb custom_button=\u00a0\u00bbon\u00a0\u00bb button_text_color=\u00a0\u00bb#ffffff\u00a0\u00bb button_icon_color=\u00a0\u00bb#ffffff\u00a0\u00bb button_bg_color=\u00a0\u00bb#25b2e7&Prime; button_border_color=\u00a0\u00bb#ffffff\u00a0\u00bb disabled=\u00a0\u00bbon\u00a0\u00bb disabled_on=\u00a0\u00bbon|on|on\u00a0\u00bb button_text_size__hover_enabled=\u00a0\u00bboff\u00a0\u00bb button_text_size__hover=\u00a0\u00bbnull\u00a0\u00bb button_one_text_size__hover_enabled=\u00a0\u00bboff\u00a0\u00bb button_one_text_size__hover=\u00a0\u00bbnull\u00a0\u00bb button_two_text_size__hover_enabled=\u00a0\u00bboff\u00a0\u00bb button_two_text_size__hover=\u00a0\u00bbnull\u00a0\u00bb button_text_color__hover_enabled=\u00a0\u00bboff\u00a0\u00bb button_text_color__hover=\u00a0\u00bbnull\u00a0\u00bb button_one_text_color__hover_enabled=\u00a0\u00bboff\u00a0\u00bb button_one_text_color__hover=\u00a0\u00bbnull\u00a0\u00bb button_two_text_color__hover_enabled=\u00a0\u00bboff\u00a0\u00bb button_two_text_color__hover=\u00a0\u00bbnull\u00a0\u00bb button_border_width__hover_enabled=\u00a0\u00bboff\u00a0\u00bb button_border_width__hover=\u00a0\u00bbnull\u00a0\u00bb button_one_border_width__hover_enabled=\u00a0\u00bboff\u00a0\u00bb button_one_border_width__hover=\u00a0\u00bbnull\u00a0\u00bb button_two_border_width__hover_enabled=\u00a0\u00bboff\u00a0\u00bb button_two_border_width__hover=\u00a0\u00bbnull\u00a0\u00bb button_border_color__hover_enabled=\u00a0\u00bboff\u00a0\u00bb button_border_color__hover=\u00a0\u00bbnull\u00a0\u00bb button_one_border_color__hover_enabled=\u00a0\u00bboff\u00a0\u00bb button_one_border_color__hover=\u00a0\u00bbnull\u00a0\u00bb button_two_border_color__hover_enabled=\u00a0\u00bboff\u00a0\u00bb button_two_border_color__hover=\u00a0\u00bbnull\u00a0\u00bb button_border_radius__hover_enabled=\u00a0\u00bboff\u00a0\u00bb button_border_radius__hover=\u00a0\u00bbnull\u00a0\u00bb button_one_border_radius__hover_enabled=\u00a0\u00bboff\u00a0\u00bb button_one_border_radius__hover=\u00a0\u00bbnull\u00a0\u00bb button_two_border_radius__hover_enabled=\u00a0\u00bboff\u00a0\u00bb button_two_border_radius__hover=\u00a0\u00bbnull\u00a0\u00bb button_letter_spacing__hover_enabled=\u00a0\u00bboff\u00a0\u00bb button_letter_spacing__hover=\u00a0\u00bbnull\u00a0\u00bb button_one_letter_spacing__hover_enabled=\u00a0\u00bboff\u00a0\u00bb button_one_letter_spacing__hover=\u00a0\u00bbnull\u00a0\u00bb button_two_letter_spacing__hover_enabled=\u00a0\u00bboff\u00a0\u00bb button_two_letter_spacing__hover=\u00a0\u00bbnull\u00a0\u00bb button_bg_color__hover_enabled=\u00a0\u00bboff\u00a0\u00bb button_bg_color__hover=\u00a0\u00bbnull\u00a0\u00bb button_one_bg_color__hover_enabled=\u00a0\u00bboff\u00a0\u00bb button_one_bg_color__hover=\u00a0\u00bbnull\u00a0\u00bb button_two_bg_color__hover_enabled=\u00a0\u00bboff\u00a0\u00bb button_two_bg_color__hover=\u00a0\u00bbnull\u00a0\u00bb \/][\/et_pb_column][\/et_pb_row][\/et_pb_section][et_pb_section bb_built=\u00a0\u00bb1&Prime; admin_label=\u00a0\u00bbOverview\u00a0\u00bb _builder_version=\u00a0\u00bb3.10.2&Prime; custom_padding=\u00a0\u00bb0px|0px|50px|0px\u00a0\u00bb prev_background_color=\u00a0\u00bb#000000&Prime; next_background_color=\u00a0\u00bb#1da1f2&Prime;][et_pb_row _builder_version=\u00a0\u00bb3.10.2&Prime; make_equal=\u00a0\u00bbon\u00a0\u00bb module_class=\u00a0\u00bbrow-service\u00a0\u00bb module_class_1=\u00a0\u00bbds-vertical-align\u00a0\u00bb module_class_2=\u00a0\u00bbds-vertical-align\u00a0\u00bb][et_pb_column type=\u00a0\u00bb1_3&Prime;][et_pb_blurb _builder_version=\u00a0\u00bb3.17.3&Prime; title=\u00a0\u00bbL&rsquo;agence\u00a0\u00bb use_icon=\u00a0\u00bbon\u00a0\u00bb font_icon=\u00a0\u00bb%%141%%\u00a0\u00bb icon_color=\u00a0\u00bb#ffffff\u00a0\u00bb use_circle=\u00a0\u00bbon\u00a0\u00bb circle_color=\u00a0\u00bb#1da1f2&Prime; use_icon_font_size=\u00a0\u00bbon\u00a0\u00bb text_orientation=\u00a0\u00bbcenter\u00a0\u00bb header_font_size=\u00a0\u00bb22&Prime; header_line_height=\u00a0\u00bb1.8em\u00a0\u00bb body_line_height=\u00a0\u00bb2em\u00a0\u00bb animation_style=\u00a0\u00bbslide\u00a0\u00bb animation_direction=\u00a0\u00bbbottom\u00a0\u00bb animation_intensity_slide=\u00a0\u00bb2%\u00a0\u00bb animation=\u00a0\u00bboff\u00a0\u00bb \/][\/et_pb_column][et_pb_column type=\u00a0\u00bb2_3&Prime;][et_pb_text _builder_version=\u00a0\u00bb3.17.3&Prime; text_font_size=\u00a0\u00bb16px\u00a0\u00bb text_line_height=\u00a0\u00bb1.8em\u00a0\u00bb header_2_font=\u00a0\u00bbPoppins||||||||\u00a0\u00bb header_2_font_size=\u00a0\u00bb28px\u00a0\u00bb header_2_text_color=\u00a0\u00bb#2c3238&Prime; header_2_line_height=\u00a0\u00bb1.4em\u00a0\u00bb max_width=\u00a0\u00bb700px\u00a0\u00bb module_alignment=\u00a0\u00bbcenter\u00a0\u00bb]<\/p>\n<p>Nous avons la fiert\u00e9 de pouvoir affirmer que nous avons la confiance de nos clients et intervenants depuis 2009 et ceci ne se d\u00e9ment pas aujourd\u2019hui. Vous trouverez toute une s\u00e9rie de t\u00e9moignage pour le prouver.<\/p>\n<p>L\u2019\u00e9quipe dirigeante de Family Space est constitu\u00e9e de professionnels dont la qualit\u00e9 a \u00e9t\u00e9 reconnue par les autorit\u00e9s administratives, et qui leur a permis d\u2019obtenir un agr\u00e9ment d\u00e8s 2009, lequel a \u00e9t\u00e9 renouvel\u00e9 avec succ\u00e8s en 2014. (Plus de d\u00e9tail dans les mentions l\u00e9gales)<\/p>\n<p>Nous veillons en permanence \u00e0 retrouver cette exigence de comp\u00e9tence et de professionnalisme dans le personnel que nous mettons \u00e0 disposition pour toutes nos familles clientes tout au long de la prestation, qu\u2019elle soit ponctuelle ou r\u00e9guli\u00e8re.<\/p>\n<p>Lorsque vous choisissez de venir vers nous, nous t\u00e2chons d\u2019\u00eatre disponibles et r\u00e9actifs afin de vous accueillir et vous r\u00e9pondre de mani\u00e8re rapide et adapt\u00e9 \u00e0 chaque demande.<\/p>\n<p>Par soucis de clart\u00e9, rigueur et transparence, nous veillons toujours \u00e0 fournir des informations compl\u00e8tes et fiables tout au long de la prestation, bien s\u00fbr dans le respect de la vie priv\u00e9e et l\u2019intimit\u00e9 de nos familles clientes. Notre d\u00e9marche \u00e9tant d\u2019\u00eatre toujours \u00e0 l\u2019\u00e9coute de nos clients afin de faire \u00e9voluer en permanence nos pratiques pour sans cesse am\u00e9liorer la satisfaction de nos clients.<\/p>\n<p>[\/et_pb_text][\/et_pb_column][\/et_pb_row][et_pb_row _builder_version=\u00a0\u00bb3.10.2&Prime; make_equal=\u00a0\u00bbon\u00a0\u00bb module_class=\u00a0\u00bbrow-service\u00a0\u00bb module_class_1=\u00a0\u00bbds-vertical-align\u00a0\u00bb module_class_2=\u00a0\u00bbds-vertical-align\u00a0\u00bb][et_pb_column type=\u00a0\u00bb1_3&Prime;][et_pb_blurb _builder_version=\u00a0\u00bb3.17.3&Prime; title=\u00a0\u00bbPhilosophie\u00a0\u00bb use_icon=\u00a0\u00bbon\u00a0\u00bb font_icon=\u00a0\u00bb%%138%%\u00a0\u00bb icon_color=\u00a0\u00bb#ffffff\u00a0\u00bb use_circle=\u00a0\u00bbon\u00a0\u00bb circle_color=\u00a0\u00bb#fde813&Prime; use_icon_font_size=\u00a0\u00bbon\u00a0\u00bb text_orientation=\u00a0\u00bbcenter\u00a0\u00bb header_font_size=\u00a0\u00bb22&Prime; header_line_height=\u00a0\u00bb1.8em\u00a0\u00bb body_line_height=\u00a0\u00bb2em\u00a0\u00bb animation_style=\u00a0\u00bbslide\u00a0\u00bb animation_direction=\u00a0\u00bbbottom\u00a0\u00bb animation_intensity_slide=\u00a0\u00bb2%\u00a0\u00bb animation=\u00a0\u00bboff\u00a0\u00bb \/][\/et_pb_column][et_pb_column type=\u00a0\u00bb2_3&Prime;][et_pb_text _builder_version=\u00a0\u00bb3.17.3&Prime; text_font_size=\u00a0\u00bb16px\u00a0\u00bb text_line_height=\u00a0\u00bb1.8em\u00a0\u00bb header_2_font=\u00a0\u00bbPoppins||||||||\u00a0\u00bb header_2_font_size=\u00a0\u00bb28px\u00a0\u00bb header_2_text_color=\u00a0\u00bb#2c3238&Prime; header_2_line_height=\u00a0\u00bb1.4em\u00a0\u00bb max_width=\u00a0\u00bb700px\u00a0\u00bb module_alignment=\u00a0\u00bbcenter\u00a0\u00bb]<\/p>\n<p>Pour nos services de garde d\u2019enfants, nous embauchons des \u00e9tudiantes universitaires, des jeunes femmes qui ne sont plus \u00e9tudiantes mais qui cherchent du travail ainsi que des jeunes nounous qui sont en France avec un visa \u201cWorking Holiday\u201d.<\/p>\n<p>Pour nos services m\u00e9nag\u00e8res, nous embauchons des travailleurs exp\u00e9riment\u00e9s qui sont enti\u00e8rement consacr\u00e9s aux services m\u00e9nag\u00e8res pour nos chers clients.<\/p>\n<p>[\/et_pb_text][\/et_pb_column][\/et_pb_row][et_pb_row _builder_version=\u00a0\u00bb3.17.3&Prime; module_id=\u00a0\u00bbprocedure-recrutement\u00a0\u00bb module_class=\u00a0\u00bbfs-anchor\u00a0\u00bb][et_pb_column type=\u00a0\u00bb4_4&Prime;][\/et_pb_column][\/et_pb_row][et_pb_row _builder_version=\u00a0\u00bb3.17.3&Prime; make_equal=\u00a0\u00bbon\u00a0\u00bb module_class=\u00a0\u00bbrow-service\u00a0\u00bb module_class_1=\u00a0\u00bbds-vertical-align\u00a0\u00bb module_class_2=\u00a0\u00bbds-vertical-align\u00a0\u00bb][et_pb_column type=\u00a0\u00bb1_3&Prime;][et_pb_blurb _builder_version=\u00a0\u00bb3.17.3&Prime; title=\u00a0\u00bbLe recrutement\u00a0\u00bb use_icon=\u00a0\u00bbon\u00a0\u00bb font_icon=\u00a0\u00bb%%148%%\u00a0\u00bb icon_color=\u00a0\u00bb#ffffff\u00a0\u00bb use_circle=\u00a0\u00bbon\u00a0\u00bb circle_color=\u00a0\u00bb#1da1f2&Prime; use_icon_font_size=\u00a0\u00bbon\u00a0\u00bb text_orientation=\u00a0\u00bbcenter\u00a0\u00bb header_font_size=\u00a0\u00bb22&Prime; header_line_height=\u00a0\u00bb1.8em\u00a0\u00bb body_line_height=\u00a0\u00bb2em\u00a0\u00bb animation_style=\u00a0\u00bbslide\u00a0\u00bb animation_direction=\u00a0\u00bbbottom\u00a0\u00bb animation_intensity_slide=\u00a0\u00bb2%\u00a0\u00bb animation=\u00a0\u00bboff\u00a0\u00bb \/][\/et_pb_column][et_pb_column type=\u00a0\u00bb2_3&Prime;][et_pb_text _builder_version=\u00a0\u00bb3.17.3&Prime; text_font_size=\u00a0\u00bb16px\u00a0\u00bb text_line_height=\u00a0\u00bb1.8em\u00a0\u00bb header_2_font=\u00a0\u00bbPoppins||||||||\u00a0\u00bb header_2_font_size=\u00a0\u00bb28px\u00a0\u00bb header_2_text_color=\u00a0\u00bb#2c3238&Prime; header_2_line_height=\u00a0\u00bb1.4em\u00a0\u00bb max_width=\u00a0\u00bb700px\u00a0\u00bb module_alignment=\u00a0\u00bbcenter\u00a0\u00bb]<\/p>\n<p>Seulement les meilleures nounous sont invit\u00e9es \u00e0 joindre notre \u00e9quipe. Notre processus de s\u00e9lection est tout \u00e0 fait en mesure de garantir que toutes nos nounous et baby-sitters maintiennent un professionnalisme de la plus haute qualit\u00e9 et continuent \u00e0 d\u00e9passer des attentes des familles.<\/p>\n<p>Les \u00e9tapes suivantes d\u00e9crivent le processus que tous les candidates doivent compl\u00e9ter en postulant chez Family Space. Apr\u00e8s chaque \u00e9tape du processus, la candidate est r\u00e9\u00e9valu\u00e9e avant d\u2019\u00eatre invit\u00e9e de continuer \u00e0 la prochaine \u00e9tape.<\/p>\n<p>Chaque nounou,baby-sitter ou house care sp\u00e9cialist(e) est demand\u00e9 \u00e0 :<\/p>\n<ol>\n<li>Remplir et soumettre une premi\u00e8re candidature sur l\u2019internet<\/li>\n<li>Soumettre une candidature \u00e9tendue et profonde qui \u00e9value le professionnalisme, l\u2019exp\u00e9rience, la personnalit\u00e9, et les valeurs de child care<\/li>\n<li>Compl\u00e9ter un entretien de suivi en personne (\u00e0 Paris) ou par Skype pour d\u00e9terminer si la personnalit\u00e9 de la candidate correspond \u00e0 notre entreprise<\/li>\n<li>Compl\u00e9ter un deuxi\u00e8me entretien de suivi par t\u00e9l\u00e9phone ou par Skype avec un deuxi\u00e8me repr\u00e9sentant de notre \u00e9quipe pour un avis suppl\u00e9mentaire.<\/li>\n<li>Fournir au moins (3) r\u00e9f\u00e9rences de child care\/ house care ou li\u00e9 \u00e0 l\u2019\u00e9ducation (avec qui on prend contact directement)<\/li>\n<li>Compl\u00e9ter et r\u00e9ussir une v\u00e9rification d\u2019ant\u00e9c\u00e9dents et E-Verify pour v\u00e9rifier qu\u2019ils sont autoris\u00e9s \u00e0 travailler l\u00e9galement en France.<\/li>\n<\/ol>\n<p>Nous v\u00e9rifierons les ant\u00e9c\u00e9dents par le minist\u00e8re fran\u00e7ais de la justice et nous travaillons seulement avec des candidats qui ont un casier judiciaire vierge. Les casiers judiciaires contiennent : un dossier criminel, un dossier de conduite, et une v\u00e9rification de cr\u00e9dit. Nous effectuons une v\u00e9rification de casier judiciaire d\u00e8s que le candidat a \u00e9t\u00e9 interview\u00e9 pour que les informations soient \u00e0 jour.<\/p>\n<p>&nbsp;<\/p>\n<p>Family Space ne discrimine pas sur la base de l\u2019appartenance ethnique, de l\u2019\u00e2ge, de l\u2019origine ancestrale, de la religion ou de la croyance religieuse, du handicap, du sexe ou du genre, de l\u2019identit\u00e9, l\u2019orientation, ou le comportement sexuels, du statut de citoyen, du statut d\u2019ancien combattant, de la maternit\u00e9, de l\u2019information g\u00e9n\u00e9tique ou n\u2019importe quelle autre caract\u00e9ristique prot\u00e9g\u00e9e par toutes les lois et r\u00e9glementations f\u00e9d\u00e9rales, d\u2019\u00c9tats, et locales. La majorit\u00e9 de notre \u00e9quipe parlent anglais ou sont bilingues (anglais et fran\u00e7ais) et viennent des pays du Commonwealth ou des autres pays europ\u00e9ens avec une excellents connaissance de l\u2019anglais.<\/p>\n<p>[\/et_pb_text][\/et_pb_column][\/et_pb_row][\/et_pb_section][et_pb_section bb_built=\u00a0\u00bb1&Prime; admin_label=\u00a0\u00bbGet Started\u00a0\u00bb _builder_version=\u00a0\u00bb3.17.3&Prime; background_color_gradient_start=\u00a0\u00bb#25b2e7&Prime; background_color_gradient_end=\u00a0\u00bb#0d6180&Prime; background_color_gradient_direction=\u00a0\u00bb60deg\u00a0\u00bb background_color_gradient_start_position=\u00a0\u00bb28%\u00a0\u00bb custom_padding=\u00a0\u00bb0px|0px|0px|0px\u00a0\u00bb background_color=\u00a0\u00bb#1da1f2&Prime; prev_background_color=\u00a0\u00bb#ffffff\u00a0\u00bb][et_pb_row custom_padding=\u00a0\u00bb|||\u00a0\u00bb _builder_version=\u00a0\u00bb3.17.3&Prime; locked=\u00a0\u00bboff\u00a0\u00bb][et_pb_column type=\u00a0\u00bb4_4&Prime;][et_pb_text _builder_version=\u00a0\u00bb3.17.3&Prime; text_font=\u00a0\u00bb|600|||||||\u00a0\u00bb text_font_size=\u00a0\u00bb16px\u00a0\u00bb text_line_height=\u00a0\u00bb1.8em\u00a0\u00bb header_2_font=\u00a0\u00bbPoppins||||||||\u00a0\u00bb header_2_font_size=\u00a0\u00bb28px\u00a0\u00bb header_2_line_height=\u00a0\u00bb1.4em\u00a0\u00bb text_orientation=\u00a0\u00bbcenter\u00a0\u00bb background_layout=\u00a0\u00bbdark\u00a0\u00bb max_width=\u00a0\u00bb700px\u00a0\u00bb module_alignment=\u00a0\u00bbcenter\u00a0\u00bb]<\/p>\n<h2>Un devis ?<\/h2>\n<p>[\/et_pb_text][et_pb_button button_url=\u00a0\u00bbhttps:\/\/family-space.com\/fr\/contact\/\u00a0\u00bb button_text=\u00a0\u00bbPar ici\u00a0\u00bb button_alignment=\u00a0\u00bbcenter\u00a0\u00bb _builder_version=\u00a0\u00bb3.17.3&Prime; custom_button=\u00a0\u00bbon\u00a0\u00bb button_text_size=\u00a0\u00bb14px\u00a0\u00bb button_border_radius=\u00a0\u00bb6px\u00a0\u00bb button_letter_spacing=\u00a0\u00bb1px\u00a0\u00bb button_font=\u00a0\u00bbPoppins|600||on|||||\u00a0\u00bb button_use_icon=\u00a0\u00bboff\u00a0\u00bb background_layout=\u00a0\u00bbdark\u00a0\u00bb custom_margin=\u00a0\u00bb|||\u00a0\u00bb custom_padding=\u00a0\u00bb20px|30px|20px|30px\u00a0\u00bb animation_style=\u00a0\u00bbfade\u00a0\u00bb button_letter_spacing_hover=\u00a0\u00bb1px\u00a0\u00bb button_text_size__hover_enabled=\u00a0\u00bboff\u00a0\u00bb button_text_size__hover=\u00a0\u00bbnull\u00a0\u00bb button_one_text_size__hover_enabled=\u00a0\u00bboff\u00a0\u00bb button_one_text_size__hover=\u00a0\u00bbnull\u00a0\u00bb button_two_text_size__hover_enabled=\u00a0\u00bboff\u00a0\u00bb button_two_text_size__hover=\u00a0\u00bbnull\u00a0\u00bb button_text_color__hover_enabled=\u00a0\u00bboff\u00a0\u00bb button_text_color__hover=\u00a0\u00bbnull\u00a0\u00bb button_one_text_color__hover_enabled=\u00a0\u00bboff\u00a0\u00bb button_one_text_color__hover=\u00a0\u00bbnull\u00a0\u00bb button_two_text_color__hover_enabled=\u00a0\u00bboff\u00a0\u00bb button_two_text_color__hover=\u00a0\u00bbnull\u00a0\u00bb button_border_width__hover_enabled=\u00a0\u00bboff\u00a0\u00bb button_border_width__hover=\u00a0\u00bbnull\u00a0\u00bb button_one_border_width__hover_enabled=\u00a0\u00bboff\u00a0\u00bb button_one_border_width__hover=\u00a0\u00bbnull\u00a0\u00bb button_two_border_width__hover_enabled=\u00a0\u00bboff\u00a0\u00bb button_two_border_width__hover=\u00a0\u00bbnull\u00a0\u00bb button_border_color__hover_enabled=\u00a0\u00bboff\u00a0\u00bb button_border_color__hover=\u00a0\u00bbnull\u00a0\u00bb button_one_border_color__hover_enabled=\u00a0\u00bboff\u00a0\u00bb button_one_border_color__hover=\u00a0\u00bbnull\u00a0\u00bb button_two_border_color__hover_enabled=\u00a0\u00bboff\u00a0\u00bb button_two_border_color__hover=\u00a0\u00bbnull\u00a0\u00bb button_border_radius__hover_enabled=\u00a0\u00bboff\u00a0\u00bb button_border_radius__hover=\u00a0\u00bbnull\u00a0\u00bb button_one_border_radius__hover_enabled=\u00a0\u00bboff\u00a0\u00bb button_one_border_radius__hover=\u00a0\u00bbnull\u00a0\u00bb button_two_border_radius__hover_enabled=\u00a0\u00bboff\u00a0\u00bb button_two_border_radius__hover=\u00a0\u00bbnull\u00a0\u00bb button_letter_spacing__hover_enabled=\u00a0\u00bbon\u00a0\u00bb button_letter_spacing__hover=\u00a0\u00bb1px\u00a0\u00bb button_one_letter_spacing__hover_enabled=\u00a0\u00bboff\u00a0\u00bb button_one_letter_spacing__hover=\u00a0\u00bbnull\u00a0\u00bb button_two_letter_spacing__hover_enabled=\u00a0\u00bboff\u00a0\u00bb button_two_letter_spacing__hover=\u00a0\u00bbnull\u00a0\u00bb button_bg_color__hover_enabled=\u00a0\u00bboff\u00a0\u00bb button_bg_color__hover=\u00a0\u00bbnull\u00a0\u00bb button_one_bg_color__hover_enabled=\u00a0\u00bboff\u00a0\u00bb button_one_bg_color__hover=\u00a0\u00bbnull\u00a0\u00bb button_two_bg_color__hover_enabled=\u00a0\u00bboff\u00a0\u00bb button_two_bg_color__hover=\u00a0\u00bbnull\u00a0\u00bb \/][\/et_pb_column][\/et_pb_row][\/et_pb_section]<\/p>\n","protected":false},"excerpt":{"rendered":"<p>Qui sommes-nous Nous avons la fiert\u00e9 de pouvoir affirmer que nous avons la confiance de nos clients et intervenants depuis 2009 et ceci ne se d\u00e9ment pas aujourd\u2019hui. Vous trouverez toute une s\u00e9rie de t\u00e9moignage pour le prouver. L\u2019\u00e9quipe dirigeante de Family Space est constitu\u00e9e de professionnels dont la qualit\u00e9 a \u00e9t\u00e9 reconnue par les [&hellip;]<\/p>\n","protected":false},"author":1,"featured_media":0,"parent":0,"menu_order":0,"comment_status":"closed","ping_status":"closed","template":"","meta":{"_et_pb_use_builder":"on","_et_pb_old_content":"","_et_gb_content_width":"","footnotes":""},"yoast_head":"<!-- This site is optimized with the Yoast SEO plugin v22.6 - https:\/\/yoast.com\/wordpress\/plugins\/seo\/ -->\n<title>Qui sommes-nous ? - Family Space<\/title>\n<meta name=\"robots\" content=\"index, follow, max-snippet:-1, max-image-preview:large, max-video-preview:-1\" \/>\n<link rel=\"canonical\" href=\"https:\/\/family-space.com\/fr\/qui-sommes-nous\/\" \/>\n<meta property=\"og:locale\" content=\"fr_FR\" \/>\n<meta property=\"og:type\" content=\"article\" \/>\n<meta property=\"og:title\" content=\"Qui sommes-nous ? - Family Space\" \/>\n<meta property=\"og:description\" content=\"Qui sommes-nous Nous avons la fiert\u00e9 de pouvoir affirmer que nous avons la confiance de nos clients et intervenants depuis 2009 et ceci ne se d\u00e9ment pas aujourd\u2019hui. Vous trouverez toute une s\u00e9rie de t\u00e9moignage pour le prouver. L\u2019\u00e9quipe dirigeante de Family Space est constitu\u00e9e de professionnels dont la qualit\u00e9 a \u00e9t\u00e9 reconnue par les [&hellip;]\" \/>\n<meta property=\"og:url\" content=\"https:\/\/family-space.com\/fr\/qui-sommes-nous\/\" \/>\n<meta property=\"og:site_name\" content=\"Family Space\" \/>\n<meta property=\"article:modified_time\" content=\"2019-06-26T18:29:47+00:00\" \/>\n<meta name=\"twitter:card\" content=\"summary_large_image\" \/>\n<meta name=\"twitter:label1\" content=\"Dur\u00e9e de lecture estim\u00e9e\" \/>\n\t<meta name=\"twitter:data1\" content=\"10 minutes\" \/>\n<script type=\"application\/ld+json\" class=\"yoast-schema-graph\">{\"@context\":\"https:\/\/schema.org\",\"@graph\":[{\"@type\":\"WebPage\",\"@id\":\"https:\/\/family-space.com\/fr\/qui-sommes-nous\/\",\"url\":\"https:\/\/family-space.com\/fr\/qui-sommes-nous\/\",\"name\":\"Qui sommes-nous ? - Family Space\",\"isPartOf\":{\"@id\":\"https:\/\/family-space.com\/#website\"},\"datePublished\":\"2018-11-22T09:24:10+00:00\",\"dateModified\":\"2019-06-26T18:29:47+00:00\",\"breadcrumb\":{\"@id\":\"https:\/\/family-space.com\/fr\/qui-sommes-nous\/#breadcrumb\"},\"inLanguage\":\"fr-FR\",\"potentialAction\":[{\"@type\":\"ReadAction\",\"target\":[\"https:\/\/family-space.com\/fr\/qui-sommes-nous\/\"]}]},{\"@type\":\"BreadcrumbList\",\"@id\":\"https:\/\/family-space.com\/fr\/qui-sommes-nous\/#breadcrumb\",\"itemListElement\":[{\"@type\":\"ListItem\",\"position\":1,\"name\":\"Home\",\"item\":\"https:\/\/family-space.com\/fr\/accueil\/\"},{\"@type\":\"ListItem\",\"position\":2,\"name\":\"Qui sommes-nous ?\"}]},{\"@type\":\"WebSite\",\"@id\":\"https:\/\/family-space.com\/#website\",\"url\":\"https:\/\/family-space.com\/\",\"name\":\"Family Space\",\"description\":\"Garde d&#039;enfant\",\"potentialAction\":[{\"@type\":\"SearchAction\",\"target\":{\"@type\":\"EntryPoint\",\"urlTemplate\":\"https:\/\/family-space.com\/?s={search_term_string}\"},\"query-input\":\"required name=search_term_string\"}],\"inLanguage\":\"fr-FR\"}]}<\/script>\n<!-- \/ Yoast SEO plugin. -->","yoast_head_json":{"title":"Qui sommes-nous ? - Family Space","robots":{"index":"index","follow":"follow","max-snippet":"max-snippet:-1","max-image-preview":"max-image-preview:large","max-video-preview":"max-video-preview:-1"},"canonical":"https:\/\/family-space.com\/fr\/qui-sommes-nous\/","og_locale":"fr_FR","og_type":"article","og_title":"Qui sommes-nous ? - Family Space","og_description":"Qui sommes-nous Nous avons la fiert\u00e9 de pouvoir affirmer que nous avons la confiance de nos clients et intervenants depuis 2009 et ceci ne se d\u00e9ment pas aujourd\u2019hui. Vous trouverez toute une s\u00e9rie de t\u00e9moignage pour le prouver. L\u2019\u00e9quipe dirigeante de Family Space est constitu\u00e9e de professionnels dont la qualit\u00e9 a \u00e9t\u00e9 reconnue par les [&hellip;]","og_url":"https:\/\/family-space.com\/fr\/qui-sommes-nous\/","og_site_name":"Family Space","article_modified_time":"2019-06-26T18:29:47+00:00","twitter_card":"summary_large_image","twitter_misc":{"Dur\u00e9e de lecture estim\u00e9e":"10 minutes"},"schema":{"@context":"https:\/\/schema.org","@graph":[{"@type":"WebPage","@id":"https:\/\/family-space.com\/fr\/qui-sommes-nous\/","url":"https:\/\/family-space.com\/fr\/qui-sommes-nous\/","name":"Qui sommes-nous ? - Family Space","isPartOf":{"@id":"https:\/\/family-space.com\/#website"},"datePublished":"2018-11-22T09:24:10+00:00","dateModified":"2019-06-26T18:29:47+00:00","breadcrumb":{"@id":"https:\/\/family-space.com\/fr\/qui-sommes-nous\/#breadcrumb"},"inLanguage":"fr-FR","potentialAction":[{"@type":"ReadAction","target":["https:\/\/family-space.com\/fr\/qui-sommes-nous\/"]}]},{"@type":"BreadcrumbList","@id":"https:\/\/family-space.com\/fr\/qui-sommes-nous\/#breadcrumb","itemListElement":[{"@type":"ListItem","position":1,"name":"Home","item":"https:\/\/family-space.com\/fr\/accueil\/"},{"@type":"ListItem","position":2,"name":"Qui sommes-nous ?"}]},{"@type":"WebSite","@id":"https:\/\/family-space.com\/#website","url":"https:\/\/family-space.com\/","name":"Family Space","description":"Garde d&#039;enfant","potentialAction":[{"@type":"SearchAction","target":{"@type":"EntryPoint","urlTemplate":"https:\/\/family-space.com\/?s={search_term_string}"},"query-input":"required name=search_term_string"}],"inLanguage":"fr-FR"}]}},"_links":{"self":[{"href":"https:\/\/family-space.com\/fr\/wp-json\/wp\/v2\/pages\/29148"}],"collection":[{"href":"https:\/\/family-space.com\/fr\/wp-json\/wp\/v2\/pages"}],"about":[{"href":"https:\/\/family-space.com\/fr\/wp-json\/wp\/v2\/types\/page"}],"author":[{"embeddable":true,"href":"https:\/\/family-space.com\/fr\/wp-json\/wp\/v2\/users\/1"}],"replies":[{"embeddable":true,"href":"https:\/\/family-space.com\/fr\/wp-json\/wp\/v2\/comments?post=29148"}],"version-history":[{"count":15,"href":"https:\/\/family-space.com\/fr\/wp-json\/wp\/v2\/pages\/29148\/revisions"}],"predecessor-version":[{"id":30070,"href":"https:\/\/family-space.com\/fr\/wp-json\/wp\/v2\/pages\/29148\/revisions\/30070"}],"wp:attachment":[{"href":"https:\/\/family-space.com\/fr\/wp-json\/wp\/v2\/media?parent=29148"}],"curies":[{"name":"wp","href":"https:\/\/api.w.org\/{rel}","templated":true}]}}